{"id":17,"date":"2024-09-20T16:07:58","date_gmt":"2024-09-20T14:07:58","guid":{"rendered":"https:\/\/www.marraquette.com\/?page_id=17"},"modified":"2025-02-06T19:25:43","modified_gmt":"2025-02-06T18:25:43","slug":"lugar-y-actividades","status":"publish","type":"page","link":"https:\/\/www.marraquette.com\/fr\/lugar-y-actividades\/","title":{"rendered":""},"content":{"rendered":"<h1 class=\"wp-block-heading has-text-align-center\" style=\"font-size:36px\"><strong>LIEU ET ACTIVIT\u00c9S<\/strong><\/h1>\n\n\n<div class=\"wp-block-image\">\n<figure class=\"aligncenter size-full is-resized\"><img loading=\"lazy\" decoding=\"async\" width=\"1109\" height=\"1280\" src=\"https:\/\/www.marraquette.com\/wp-content\/uploads\/2025\/02\/maplarge.jpg\" alt=\"\" class=\"wp-image-467\" style=\"width:1000px\" srcset=\"https:\/\/www.marraquette.com\/wp-content\/uploads\/2025\/02\/maplarge.jpg 1109w, https:\/\/www.marraquette.com\/wp-content\/uploads\/2025\/02\/maplarge-800x923.jpg 800w, https:\/\/www.marraquette.com\/wp-content\/uploads\/2025\/02\/maplarge-10x12.jpg 10w, https:\/\/www.marraquette.com\/wp-content\/uploads\/2025\/02\/maplarge-120x139.jpg 120w, https:\/\/www.marraquette.com\/wp-content\/uploads\/2025\/02\/maplarge-90x104.jpg 90w, https:\/\/www.marraquette.com\/wp-content\/uploads\/2025\/02\/maplarge-320x369.jpg 320w, https:\/\/www.marraquette.com\/wp-content\/uploads\/2025\/02\/maplarge-560x646.jpg 560w\" sizes=\"auto, (max-width: 1109px) 100vw, 1109px\" \/><\/figure>\n<\/div>\n\n\n<div class=\"wp-block-columns are-vertically-aligned-center is-layout-flex wp-container-core-columns-is-layout-9d6595d7 wp-block-columns-is-layout-flex\">\n<div class=\"wp-block-column is-vertically-aligned-center is-layout-flow wp-block-column-is-layout-flow\">\n<h2 class=\"wp-block-heading\"><strong>PANGUIPULLI<\/strong><\/h2>\n\n\n\n<p class=\"has-black-color has-text-color has-link-color wp-elements-202a5d40533f780f3e10590097844391\" style=\"font-size:15px\">Panguipulli est une ville de la r\u00e9gion de Los R\u00edos, <strong>d'o\u00f9 vient une partie de la famille de Claudia<\/strong>. Un lieu sp\u00e9cial et magique <strong>o\u00f9 nous passons tous nos \u00e9t\u00e9s<\/strong>. C'est un secteur <strong>magnifique<\/strong>, avec le lac Panguipulli et plusieurs volcans aux alentours.<\/p>\n<\/div>\n\n\n\n<div class=\"wp-block-column is-vertically-aligned-center is-layout-flow wp-block-column-is-layout-flow\">\n<h2 class=\"wp-block-heading\"><strong>HUILO HUILO<\/strong><\/h2>\n\n\n\n<p class=\"has-black-color has-text-color has-link-color wp-elements-aefd2be409e0bce2563c73e927566d98\" style=\"font-size:15px\">La r\u00e9serve biologique de Huilo Huilo est <strong>une zone naturelle prot\u00e9g\u00e9e<\/strong> \u00e0 40 minutes de Panguipulli, avec <strong>des for\u00eats magnifiques, et une faune et une flore caract\u00e9ristiques du sud du Chili<\/strong>. La c\u00e9r\u00e9monie et la f\u00eate se feront directement dans l'Hotel de la r\u00e9serve, qui poss\u00e8de plein d'activit\u00e9s pour profiter des lieux..<\/p>\n<\/div>\n<\/div>\n\n\n\n<hr class=\"wp-block-separator has-alpha-channel-opacity\"\/>\n\n\n\n<h2 class=\"wp-block-heading has-text-align-center\"><strong>QUE FAIRE DANS LE PARC HUILO HUILO ?<\/strong><\/h2>\n\n\n\n<p class=\"has-text-align-center\" style=\"font-size:15px\">Dans le parc, <strong>vous pouvez profiter de plein de chemins et balades au bords de la rivi\u00e8re, en pleine for\u00eat.<\/strong>. <br>R\u00e9duction possible sur les entr\u00e9es pour ceux qui assistent au mariage : <a href=\"https:\/\/huilohuilo.com\/reserva-biologica\/\" target=\"_blank\" rel=\"noreferrer noopener\">https:\/\/huilohuilo.com\/reserva-biologica\/<\/a><\/p>\n\n\n\n<hr class=\"wp-block-separator has-alpha-channel-opacity\"\/>\n\n\n\n<h2 class=\"wp-block-heading has-text-align-center\"><strong>QUE FAIRE AUTOUR DE PANGUIPULLI ?<\/strong><\/h2>\n\n\n\n<p class=\"has-text-align-center has-black-color has-text-color has-link-color wp-elements-cd6c1aca13d9825de394ca170893c3c9\" style=\"font-size:15px\">Toutes les informations sont disponibles sur le site de l'office du tourisme : <a href=\"https:\/\/sietelagos.cl\/\" target=\"_blank\" rel=\"noreferrer noopener\">https:\/\/sietelagos.cl\/<\/a> <br>Plus bas, nous avons fait une s\u00e9lection des trucs sympas \u00e0 faire.<\/p>\n\n\n\n<div class=\"wp-block-columns is-layout-flex wp-container-core-columns-is-layout-9d6595d7 wp-block-columns-is-layout-flex\">\n<div class=\"wp-block-column is-layout-flow wp-block-column-is-layout-flow\">\n<h3 class=\"wp-block-heading\">\ud83c\udfe1 VILLAGES ET LACS<\/h3>\n\n\n\n<details class=\"wp-block-details has-black-color has-text-color has-link-color wp-elements-aefaa4f9f6a3c469e6462f8ff5fd5822 is-layout-flow wp-block-details-is-layout-flow\"><summary>Panguipulli<\/summary>\n<p class=\"has-black-color has-text-color has-link-color wp-elements-ad6fae0512ba6bca08deb5fc1fa250b7\" style=\"font-size:15px\">Le village situ\u00e9 au bord du lac \u00e9ponyme. <a href=\"https:\/\/sietelagos.cl\/localidades-y-atractivos\/panguipulli\" target=\"_blank\" rel=\"noreferrer noopener\">https:\/\/sietelagos.cl\/localidades-y-atractivos\/panguipulli<\/a><\/p>\n<\/details>\n\n\n\n<details class=\"wp-block-details has-black-color has-text-color has-link-color wp-elements-4e760980bc24cc517d49bf3f38b4596b is-layout-flow wp-block-details-is-layout-flow\"><summary>Pucon et Villarica<\/summary>\n<p class=\"has-black-color has-text-color has-link-color wp-elements-fbd3ad4a6181134eecbe2755938d37a8\"><a href=\"https:\/\/chile.travel\/donde-ir\/destino\/pucon-y-villarica\/\" target=\"_blank\" rel=\"noreferrer noopener\">https:\/\/chile.travel\/donde-ir\/destino\/pucon-y-villarica\/<\/a><\/p>\n<\/details>\n\n\n\n<details class=\"wp-block-details has-black-color has-text-color has-link-color wp-elements-2226cad7158b540c7ad9b60095cb2ec2 is-layout-flow wp-block-details-is-layout-flow\"><summary>Puerto Fuy<\/summary>\n<p class=\"has-black-color has-text-color has-link-color wp-elements-fce498b09848003e92d8ab51865a3903\"> <a href=\"https:\/\/sietelagos.cl\/localidades-y-atractivos\/puerto-fuy\/\" target=\"_blank\" rel=\"noreferrer noopener\">https:\/\/sietelagos.cl\/localidades-y-atractivos\/puerto-fuy\/<\/a><\/p>\n<\/details>\n\n\n\n<details class=\"wp-block-details has-black-color has-text-color has-link-color wp-elements-f22d8d48b7c8bc0fccf85145ef20cba6 is-layout-flow wp-block-details-is-layout-flow\"><summary>Neltume<\/summary>\n<p class=\"has-black-color has-text-color has-link-color wp-elements-327b2158a25384c0dc1a5569353ea2c4\">El pueblo del deporte outdoor: <a href=\"https:\/\/sietelagos.cl\/localidades-y-atractivos\/neltume\/\" target=\"_blank\" rel=\"noreferrer noopener\">https:\/\/sietelagos.cl\/localidades-y-atractivos\/neltume\/<\/a><\/p>\n<\/details>\n\n\n\n<details class=\"wp-block-details has-black-color has-text-color has-link-color wp-elements-d61e1d181600e469e6d5153748828441 is-layout-flow wp-block-details-is-layout-flow\"><summary>Les 7 Lacs<\/summary>\n<p class=\"has-black-color has-text-color has-link-color wp-elements-4f1fab249bd26e39a0136ccfcfa17aa3\"><a href=\"https:\/\/sietelagos.cl\/localidades-y-atractivos\/los-7-lagos\/\" target=\"_blank\" rel=\"noreferrer noopener\">https:\/\/sietelagos.cl\/localidades-y-atractivos\/los-7-lagos\/<\/a><\/p>\n<\/details>\n<\/div>\n\n\n\n<div class=\"wp-block-column is-layout-flow wp-block-column-is-layout-flow\">\n<h3 class=\"wp-block-heading\">\ud83c\udf0bVOLCANS<\/h3>\n\n\n\n<details class=\"wp-block-details has-black-color has-text-color has-link-color wp-elements-ccc77c5e813867ac260f2a982b62b325 is-layout-flow wp-block-details-is-layout-flow\"><summary>Mocho et Coshuenco<\/summary>\n<p class=\"has-black-color has-text-color has-link-color wp-elements-e3f168baf3ff843b934ea4783977bf5a\">Le volcan le plus proche du lac, d'o\u00f9 il est possible d'avoir une vue sur toutes la r\u00e9gion. <a href=\"https:\/\/sietelagos.cl\/que-hacer-en-panguipulli\/turismo-cientifico\/reserva-nacional-mocho-choshuenco\" target=\"_blank\" rel=\"noreferrer noopener\">https:\/\/sietelagos.cl\/que-hacer-en-panguipulli\/turismo-cientifico\/reserva-nacional-mocho-choshuenco<\/a><\/p>\n<\/details>\n\n\n\n<details class=\"wp-block-details has-black-color has-text-color has-link-color wp-elements-aaf01caf8541cfcc33738bddcf0bd00e is-layout-flow wp-block-details-is-layout-flow\"><summary>Villarica<\/summary>\n<p class=\"has-black-color has-text-color has-link-color wp-elements-c4974abc3c07003933cf3ff11e552e8d\">Le volcan qui domine Villarica et Pucon. Il est actif, et on peut le monter avec un guide ! <a href=\"https:\/\/www.chile.travel\/blog\/ascenso-al-volcan-villarrica-una-excursion-para-los-mas-aventureros\/\" target=\"_blank\" rel=\"noreferrer noopener\">https:\/\/www.chile.travel\/blog\/ascenso-al-volcan-villarrica-una-excursion-para-los-mas-aventureros\/<\/a><\/p>\n<\/details>\n\n\n\n<details class=\"wp-block-details has-black-color has-text-color has-link-color wp-elements-d5a4dabff171be7847d21810022d58c8 is-layout-flow wp-block-details-is-layout-flow\"><summary>Quetrupill\u00e1n<\/summary>\n<p class=\"has-black-color has-text-color has-link-color wp-elements-04654689579e30bc751fb892c4f60e34\">Situado m\u00e1s al norte, conecta las regiones de Auracania y Los Lagos. Es posible escalarlo como el Villarica o realizar diferentes caminatas partiendo de Puc\u00f3n y sus alrededores. <a href=\"https:\/\/www.wikiexplora.com\/Volc%C3%A1n_Quetrupill%C3%A1n\" target=\"_blank\" rel=\"noreferrer noopener\">https:\/\/www.wikiexplora.com\/Volc%C3%A1n_Quetrupill%C3%A1n<\/a><\/p>\n<\/details>\n<\/div>\n<\/div>\n\n\n\n<div class=\"wp-block-columns is-layout-flex wp-container-core-columns-is-layout-9d6595d7 wp-block-columns-is-layout-flex\">\n<div class=\"wp-block-column is-layout-flow wp-block-column-is-layout-flow\">\n<h3 class=\"wp-block-heading\">\ud83e\udd7eTREKKING Y PARCS<\/h3>\n\n\n\n<details class=\"wp-block-details has-black-color has-text-color has-link-color wp-elements-a41bb8d0016b481bb9deef04e9578966 is-layout-flow wp-block-details-is-layout-flow\"><summary>Parcs et randos proches de Panguipulli<\/summary>\n<p class=\"has-black-color has-text-color has-link-color wp-elements-541265e026af3d1e3f0977b0ec34192b\"><a href=\"https:\/\/sietelagos.cl\/parques\" target=\"_blank\" rel=\"noreferrer noopener\">https:\/\/sietelagos.cl\/parques<\/a><\/p>\n<\/details>\n\n\n\n<details class=\"wp-block-details has-black-color has-text-color has-link-color wp-elements-35def6fbfbf1112a5b4dd1ab10ea1bc6 is-layout-flow wp-block-details-is-layout-flow\"><summary>Randonn\u00e9es depuis Pucon<\/summary>\n<p class=\"has-black-color has-text-color has-link-color wp-elements-339790f4818b0798e70ad92cfaef636d\">\u00a1Recomendamos 2 parques que hicimos, donde es posible ver las Araucarias!<\/p>\n\n\n\n<ul class=\"wp-block-list\">\n<li>Sanctuario El Ca\u00f1i : <a href=\"https:\/\/www.santuariocani.cl\/\">https:\/\/www.santuariocani.cl\/<\/a><\/li>\n\n\n\n<li>Parque Huerquehue : <a href=\"https:\/\/parquenacionalhuerquehue.cl\/\">https:\/\/parquenacionalhuerquehue.cl\/<\/a><\/li>\n<\/ul>\n<\/details>\n\n\n\n<details class=\"wp-block-details has-black-color has-text-color has-link-color wp-elements-d12d3f50746f9a2c135a5225fb9bdefe is-layout-flow wp-block-details-is-layout-flow\"><summary>Les termes de Puc\u00f3n<\/summary>\n<p class=\"has-black-color has-text-color has-link-color wp-elements-438eda47f851f86c03254a97c01c17fb\"> <a href=\"https:\/\/www.tourisme-chili.com\/region-lacs\/meilleurs-thermes-pucon\">https:\/\/www.tourisme-chili.com\/region-lacs\/meilleurs-thermes-pucon<\/a><\/p>\n<\/details>\n\n\n\n<details class=\"wp-block-details has-black-color has-text-color has-link-color wp-elements-1e191a9db0484891d642bc652c32e323 is-layout-flow wp-block-details-is-layout-flow\"><summary>La rivi\u00e8re de lave Co\u00f1aripe<\/summary>\n<p class=\"has-black-color has-text-color has-link-color wp-elements-354b0120b1769a10cbec92a3b7dd7c17\">En la carretera LicanRay hacia Co\u00f1aripe, en el sector Challupen, existe un impresionante r\u00edo de lava volc\u00e1nica petrificada, recordatorio de la \u00faltima gran erupci\u00f3n del volc\u00e1n Villarrica, ocurrida el 29 de diciembre de 1971.<\/p>\n<\/details>\n<\/div>\n\n\n\n<div class=\"wp-block-column is-layout-flow wp-block-column-is-layout-flow\">\n<h3 class=\"wp-block-heading\">\ud83d\udeb5\ud83c\udffd \ud83d\udea3 SPROTS<\/h3>\n\n\n\n<details class=\"wp-block-details has-black-color has-text-color has-link-color wp-elements-ff4439092c65fdd10f660222e7a0d033 is-layout-flow wp-block-details-is-layout-flow\"><summary>Rafting et canyoning<\/summary>\n<p class=\"has-black-color has-text-color has-link-color wp-elements-c0730bb7a761146f787f3a34586c0c46\">Avec les rivi\u00e8res du coins, plusieurs options d'activit\u00e9s en eaux vives : <a href=\"https:\/\/sietelagos.cl\/que-hacer-en-panguipulli\/aventura-y-deporte\/rafting\" target=\"_blank\" rel=\"noreferrer noopener\">https:\/\/sietelagos.cl\/que-hacer-en-panguipulli\/aventura-y-deporte\/rafting<\/a><\/p>\n<\/details>\n\n\n\n<details class=\"wp-block-details has-black-color has-text-color has-link-color wp-elements-e0440e62db230c33ab357c3672ab57e4 is-layout-flow wp-block-details-is-layout-flow\"><summary>Escalade<\/summary>\n<p class=\"has-black-color has-text-color has-link-color wp-elements-a0a31499a4e1816f996214acabfd521e\">Plusieurs spots d'escalade proche de Panguipulli. <a href=\"https:\/\/sietelagos.cl\/que-hacer-en-panguipulli\/aventura-y-deporte\/escalada\" target=\"_blank\" rel=\"noreferrer noopener\">https:\/\/sietelagos.cl\/que-hacer-en-panguipulli\/aventura-y-deporte\/escalada<\/a><\/p>\n<\/details>\n\n\n\n<details class=\"wp-block-details has-black-color has-text-color has-link-color wp-elements-cda6a2cb79e5ce9d00c16d8d8d5f3725 is-layout-flow wp-block-details-is-layout-flow\"><summary>Alpinisme<\/summary>\n<p class=\"has-black-color has-text-color has-link-color wp-elements-a4c2e94b261511232fbaa992afd2f27f\">Pour les plus motiv\u00e9s, il y a de l'alpinisme possible dans les montagnes de la Cordill\u00e8re. <a href=\"https:\/\/sietelagos.cl\/que-hacer-en-panguipulli\/aventura-y-deporte\/montanismo\">https:\/\/sietelagos.cl\/que-hacer-en-panguipulli\/aventura-y-deporte\/montanismo<\/a><\/p>\n<\/details>\n\n\n\n<details class=\"wp-block-details has-black-color has-text-color has-link-color wp-elements-f71b70c2642576cb2bab602f8af9ff41 is-layout-flow wp-block-details-is-layout-flow\"><summary>V\u00e9lo<\/summary>\n<p class=\"has-black-color has-text-color has-link-color wp-elements-1353a097309c20e3bfd7f09be70b05fc\">Location de v\u00e9lo pour balades autour du lac ou VVT en montagne ! <a href=\"https:\/\/es.wikiloc.com\/rutas\/mountain-bike\/chile\/region-de-los-rios\/panguipulli\" target=\"_blank\" rel=\"noreferrer noopener\">https:\/\/es.wikiloc.com\/rutas\/mountain-bike\/chile\/region-de-los-rios\/panguipulli<\/a><\/p>\n<\/details>\n<\/div>\n<\/div>\n\n\n\n<p><\/p>","protected":false},"excerpt":{"rendered":"<p>LUGAR Y ACTIVIDADES PANGUIPULLI Panguipulli es una ciudad en la regi\u00f3n de Los R\u00edos, de donde viene parte de nuestra familia. Le tenemos mucho cari\u00f1o al lugar y pasamos todos&hellip;<\/p>","protected":false},"author":1,"featured_media":0,"parent":0,"menu_order":0,"comment_status":"closed","ping_status":"closed","template":"","meta":{"footnotes":""},"class_list":["post-17","page","type-page","status-publish"],"_links":{"self":[{"href":"https:\/\/www.marraquette.com\/fr\/wp-json\/wp\/v2\/pages\/17","targetHints":{"allow":["GET"]}}],"collection":[{"href":"https:\/\/www.marraquette.com\/fr\/wp-json\/wp\/v2\/pages"}],"about":[{"href":"https:\/\/www.marraquette.com\/fr\/wp-json\/wp\/v2\/types\/page"}],"author":[{"embeddable":true,"href":"https:\/\/www.marraquette.com\/fr\/wp-json\/wp\/v2\/users\/1"}],"replies":[{"embeddable":true,"href":"https:\/\/www.marraquette.com\/fr\/wp-json\/wp\/v2\/comments?post=17"}],"version-history":[{"count":32,"href":"https:\/\/www.marraquette.com\/fr\/wp-json\/wp\/v2\/pages\/17\/revisions"}],"predecessor-version":[{"id":483,"href":"https:\/\/www.marraquette.com\/fr\/wp-json\/wp\/v2\/pages\/17\/revisions\/483"}],"wp:attachment":[{"href":"https:\/\/www.marraquette.com\/fr\/wp-json\/wp\/v2\/media?parent=17"}],"curies":[{"name":"wp","href":"https:\/\/api.w.org\/{rel}","templated":true}]}}