{"id":20,"date":"2024-09-20T16:09:35","date_gmt":"2024-09-20T14:09:35","guid":{"rendered":"https:\/\/www.marraquette.com\/?page_id=20"},"modified":"2025-02-06T19:24:11","modified_gmt":"2025-02-06T18:24:11","slug":"transportes","status":"publish","type":"page","link":"https:\/\/www.marraquette.com\/fr\/transportes\/","title":{"rendered":""},"content":{"rendered":"<h1 class=\"wp-block-heading has-text-align-center\" style=\"font-size:36px\"><strong><strong>COMMENT VENIR ?<\/strong><\/strong><\/h1>\n\n\n<div class=\"wp-block-image\">\n<figure class=\"aligncenter size-medium\"><img loading=\"lazy\" decoding=\"async\" width=\"800\" height=\"361\" src=\"https:\/\/www.marraquette.com\/wp-content\/uploads\/2025\/02\/comollegar2-800x361.jpg\" alt=\"\" class=\"wp-image-456\" style=\"object-fit:cover\" srcset=\"https:\/\/www.marraquette.com\/wp-content\/uploads\/2025\/02\/comollegar2-800x361.jpg 800w, https:\/\/www.marraquette.com\/wp-content\/uploads\/2025\/02\/comollegar2-1160x523.jpg 1160w, https:\/\/www.marraquette.com\/wp-content\/uploads\/2025\/02\/comollegar2-18x8.jpg 18w, https:\/\/www.marraquette.com\/wp-content\/uploads\/2025\/02\/comollegar2-120x54.jpg 120w, https:\/\/www.marraquette.com\/wp-content\/uploads\/2025\/02\/comollegar2-90x41.jpg 90w, https:\/\/www.marraquette.com\/wp-content\/uploads\/2025\/02\/comollegar2-320x144.jpg 320w, https:\/\/www.marraquette.com\/wp-content\/uploads\/2025\/02\/comollegar2-560x252.jpg 560w, https:\/\/www.marraquette.com\/wp-content\/uploads\/2025\/02\/comollegar2.jpg 1280w\" sizes=\"auto, (max-width: 800px) 100vw, 800px\" \/><\/figure>\n<\/div>\n\n\n<p class=\"has-text-align-center\" style=\"font-size:15px\">Sur cette page, on a rassembl\u00e9 toutes les infos pour arriver jusqu'au lieu du mariage, dans la r\u00e9gion de Los R\u00edos. <br>Le jour du mariage, nous mettrons en place un service de navettes entre le village de Panguipulli et Huilo Huilo. Toutes les infos arriveront plus tard.<br>&gt; <a href=\"#titre\">INFOS POUR VOYAGER DEPUIS LA FRANCE<\/a><\/p>\n\n\n\n<h3 class=\"wp-block-heading\"><strong>ARRIVER SUR LE LIEU DU MARIAGE \u00c0 HUILO HUILO<\/strong><\/h3>\n\n\n\n<ul class=\"wp-block-list\">\n<li style=\"font-size:12px\">Navettes aller\/retour &gt; Informations \u00e0 venir<\/li>\n\n\n\n<li style=\"font-size:12px\">\ud83d\ude8c Bus Pucon \u2013 Villarica \u2013 Panguipulli : Prendre un bus jusqu'\u00e0 Neltume et marcher 20 minutes, ou alors un direct jusqu'\u00e0 Huilo Huilo<\/li>\n\n\n\n<li style=\"font-size:12px\">\ud83d\ude95Taxi depuis la ville : <a href=\"https:\/\/www.licantour.cl\/transporte\/\">https:\/\/www.licantour.cl\/transporte\/<\/a><\/li>\n\n\n\n<li style=\"font-size:12px\">\ud83d\ude97 Voiture \n<ul class=\"wp-block-list\">\n<li><strong>Pucon<\/strong>: 2 heures de route - Voir l'itin\u00e9raire : <a href=\"https:\/\/maps.app.goo.gl\/o7LnHq5iSUTQxVfF8\">https:\/\/maps.app.goo.gl\/o7LnHq5iSUTQxVfF8<\/a><\/li>\n\n\n\n<li><strong>Villarica<\/strong>: 1h40 de route - Voir l'itin\u00e9raire : <a href=\"https:\/\/maps.app.goo.gl\/fMia6uKmKeKTjnAQ6\">https:\/\/maps.app.goo.gl\/fMia6uKmKeKTjnAQ6<\/a><\/li>\n\n\n\n<li><strong>Panguipulli<\/strong>: 1 heure de route - Voir l'itin\u00e9raire : <a href=\"https:\/\/maps.app.goo.gl\/AWAL6m9pTxrfAuYA8\">https:\/\/maps.app.goo.gl\/AWAL6m9pTxrfAuYA8<\/a><\/li>\n<\/ul>\n<\/li>\n<\/ul>\n\n\n\n<div class=\"wp-block-group\"><div class=\"wp-block-group__inner-container is-layout-constrained wp-block-group-is-layout-constrained\">\n<h3 class=\"wp-block-heading\"><strong>VOYAGER DEPUIS SANTIAGO JUSQU'\u00c0 PANGUIPULLI<\/strong><\/h3>\n\n\n\n<ul class=\"wp-block-list\">\n<li>\u2708\ufe0f <strong>Avion<\/strong> jusqu\u00b4\u00e0 l'a\u00e9roport de <strong>Temuco<\/strong> : Aeropuerto La Araucan\u00eda (ZCO)\n<ul class=\"wp-block-list\">\n<li style=\"font-size:12px\">2 heures de vol \/ Billets : <em>Entre 50,000 et 100,000 pesos chiliens<\/em> \/ Acheter les tickets sur Google Flight ou LATAM<\/li>\n\n\n\n<li style=\"font-size:12px\">\ud83d\ude8c Bus jusqu'\u00e0 Temuco, et busTemuco -&gt; Panguipulli<\/li>\n\n\n\n<li style=\"font-size:12px\">\ud83d\ude95 Taxi : Service de taxi de l'a\u00e9roport : <a href=\"https:\/\/www.aeropuertoaraucania.cl\/araucania_nuevo\/taxi\/\">Service de taxi<\/a><\/li>\n\n\n\n<li style=\"font-size:12px\">Navettes priv\u00e9es : <a href=\"https:\/\/www.transaraucania.cl\/#\">https:\/\/www.transaraucania.cl\/#<\/a><\/li>\n\n\n\n<li style=\"font-size:12px\">Louer une voiture : <a href=\"https:\/\/www.aeropuertoaraucania.cl\/araucania_nuevo\/rent-a-car\/\">Service de location<\/a><\/li>\n<\/ul>\n<\/li>\n\n\n\n<li>\ud83d\ude8c <strong>Bus <\/strong>jusqu'au <strong>Teminal de bus de Panguipulli <\/strong>(9\/10 heures) :\n<ul class=\"wp-block-list\">\n<li style=\"font-size:12px\">Bus depuis Estacion Central \/ Bus depuis Vitacura (Parque Bicentenario)<\/li>\n\n\n\n<li style=\"font-size:12px\">Billets : <a href=\"https:\/\/www.turbus.cl\/\">https:\/\/www.turbus.cl\/<\/a> &#8211; <a href=\"https:\/\/www.pullmanbus.cl\/\">https:\/\/www.pullmanbus.cl\/<\/a> &#8211; <a href=\"https:\/\/www.condorbus.cl\/\">https:\/\/www.condorbus.cl\/<\/a><\/li>\n<\/ul>\n<\/li>\n\n\n\n<li>\ud83d\ude97 <strong>Voiture <\/strong>(9-10 heures avec des pauses) \n<ul class=\"wp-block-list\">\n<li style=\"font-size:12px\">Sortir de Santiagosur la Ruta 5 Sur &gt; Suivre la Ruta 5 Sur jusqu'\u00e0 Lanco &gt; Suivre Lanco &gt; Malalhue &gt; Melefquen &gt; Panguipulli<\/li>\n<\/ul>\n<\/li>\n<\/ul>\n<\/div><\/div>\n\n\n\n<div class=\"wp-block-group\"><div class=\"wp-block-group__inner-container is-layout-constrained wp-block-group-is-layout-constrained\">\n<h3 class=\"wp-block-heading has-text-align-left\"><strong>LOUER UNE VOITURE<\/strong><\/h3>\n\n\n\n<ul class=\"wp-block-list\">\n<li style=\"font-size:12px\"><strong>\u00c0 SANTIAGO<\/strong>: Le meilleur service : <a href=\"https:\/\/mitta.cl\/\">https:\/\/mitta.cl\/<\/a> Autres options : SIXT, RentACar, Hertz\u2026<\/li>\n\n\n\n<li style=\"font-size:12px\"><strong>\u00c0 TEMUCO<\/strong>: Depuis l'a\u00e9roport, toutes les options disponibles : <a href=\"https:\/\/www.aeropuertoaraucania.cl\/araucania_nuevo\/rent-a-car\/\">https:\/\/www.aeropuertoaraucania.cl\/araucania_nuevo\/rent-a-car\/<\/a><\/li>\n\n\n\n<li style=\"font-size:12px\"><strong>\u00c0 PUCON<\/strong>: <a href=\"https:\/\/puconrentacar.cl\/\">https:\/\/puconrentacar.cl\/<\/a> \/ <a href=\"https:\/\/www.rentcars.com\/es-cl\/company\/hertz\/chile\/pucon-ar-araucania\">https:\/\/www.rentcars.com\/es-cl\/company\/hertz\/chile\/pucon-ar-araucania<\/a> \/ <a href=\"https:\/\/rentacarpalguin.cl\/\">https:\/\/rentacarpalguin.cl\/<\/a><\/li>\n\n\n\n<li style=\"font-size:12px\"><strong>\u00c0 VILLARICA<\/strong> : <a href=\"https:\/\/rentacarvillarrica.cl\/\">https:\/\/rentacarvillarrica.cl\/<\/a> \/ <a href=\"https:\/\/www.castillorentacar.cl\/\">https:\/\/www.castillorentacar.cl\/<\/a><\/li>\n<\/ul>\n<\/div><\/div>\n\n\n\n<hr class=\"wp-block-separator has-alpha-channel-opacity\"\/>\n\n\n\n<div class=\"wp-block-group\"><div class=\"wp-block-group__inner-container is-layout-constrained wp-block-group-is-layout-constrained\">\n<h2 class=\"wp-block-heading has-text-align-center has-background\" id=\"titre\" style=\"background-color:#a9ab74\"><strong>\ud83c\uddeb\ud83c\uddf7 \u2708\ufe0f VOYAGER DEPUIS LA FRANCE<\/strong><\/h2>\n\n\n\n<p class=\"has-text-align-center\" style=\"font-size:15px\">AVION EN DIRECTION DE L&#8217;AEROPORT <strong>&#8220;ARTURO BENITEZ&#8221; de Santiago de Chile<\/strong>. <br>Compter 13h\/14h de vol direct jusqu&#8217;\u00e0 Santiago depuis la France ou les pays alentour. Il est conseill\u00e9 de prendre les billets bien \u00e0 l&#8217;avance !<\/p>\n\n\n\n<p class=\"has-text-align-center\" style=\"font-size:15px\">Ensuite, vous pouvez faire le choix de <strong>voler directement jusqu&#8217;\u00e0 Temuco<\/strong>, o\u00f9 vous d\u00e9brouiller depuis Santiago. Les informations sont plus bas.<\/p>\n\n\n\n<ul class=\"wp-block-list\">\n<li style=\"font-size:15px\"><strong>Lyon Saint-Exup\u00e9ry<\/strong> -&gt; Santiago &#8211; <em>ENTRE 800\u20ac ET 1100\u20ac ALLER\/RETOUR<\/em>\n<ul class=\"wp-block-list\">\n<li style=\"font-size:12px\">Avec correspondance (Paris, Amsterdam, Madrid, Londres&#8230;)<\/li>\n\n\n\n<li style=\"font-size:12px\">Entre 18h et 24h de vol au total <\/li>\n\n\n\n<li style=\"font-size:12px\">Prix du billet : <em>ENTRE 800\u20ac ET 1100\u20ac ALLER\/RETOUR<\/em><\/li>\n\n\n\n<li style=\"font-size:12px\">Companies A\u00e9riennes : AirFrance &#8211; LATAM &#8211; British Airways&#8230;<\/li>\n<\/ul>\n<\/li>\n\n\n\n<li style=\"font-size:15px\"><strong>Paris &#8211; Charles de Gaulle<\/strong> -&gt; Santiago\n<ul class=\"wp-block-list\">\n<li style=\"font-size:12px\">Entre 13h et 14h de vol au total <\/li>\n\n\n\n<li style=\"font-size:12px\">Prix du billet : <em>ENTRE 800\u20ac ET 1100\u20ac ALLER\/RETOUR<\/em><\/li>\n<\/ul>\n<\/li>\n\n\n\n<li style=\"font-size:15px\">A\u00e9roport International de <strong>Gen\u00e8ve<\/strong>\n<ul class=\"wp-block-list\">\n<li style=\"font-size:12px\">Entre 13h et 14h de vol au total <\/li>\n\n\n\n<li style=\"font-size:12px\">Prix du billet : <em>ENTRE 1000\u20ac ET 1200\u20ac ALLER\/RETOUR<\/em><\/li>\n<\/ul>\n<\/li>\n\n\n\n<li style=\"font-size:15px\">Bus jusqu&#8217;\u00e0 l&#8217;a\u00e9roport de <strong>Barcelone Arturo Benitez <\/strong>-&gt; Avion jusqu&#8217;\u00e0 Santiago &#8211; <em>ENTRE 800\u20ac ET 1100\u20ac ALLER\/RETOU<\/em>R\n<ul class=\"wp-block-list\">\n<li style=\"font-size:12px\">Entre 8h et 12h de bus, puis 12h de vol<\/li>\n\n\n\n<li style=\"font-size:12px\">Prix du ticket de bus : environ 35\u20ac<\/li>\n\n\n\n<li style=\"font-size:12px\">Prix du billet d&#8217;avion : <em>ENTRE 800\u20ac et 1000\u20ac<\/em><br><\/li>\n<\/ul>\n<\/li>\n<\/ul>\n<\/div><\/div>","protected":false},"excerpt":{"rendered":"<p>\u00bfCOMO LLEGAR? En esta p\u00e1gina, recopilamos opciones para llegar hasta la regi\u00f3n de Los R\u00edos. El d\u00eda del matrimonio, contaremos con servicio de transporte entre Panguipulli y Huilo Huilo. Les&hellip;<\/p>","protected":false},"author":1,"featured_media":0,"parent":0,"menu_order":0,"comment_status":"closed","ping_status":"closed","template":"","meta":{"footnotes":""},"class_list":["post-20","page","type-page","status-publish"],"_links":{"self":[{"href":"https:\/\/www.marraquette.com\/fr\/wp-json\/wp\/v2\/pages\/20","targetHints":{"allow":["GET"]}}],"collection":[{"href":"https:\/\/www.marraquette.com\/fr\/wp-json\/wp\/v2\/pages"}],"about":[{"href":"https:\/\/www.marraquette.com\/fr\/wp-json\/wp\/v2\/types\/page"}],"author":[{"embeddable":true,"href":"https:\/\/www.marraquette.com\/fr\/wp-json\/wp\/v2\/users\/1"}],"replies":[{"embeddable":true,"href":"https:\/\/www.marraquette.com\/fr\/wp-json\/wp\/v2\/comments?post=20"}],"version-history":[{"count":72,"href":"https:\/\/www.marraquette.com\/fr\/wp-json\/wp\/v2\/pages\/20\/revisions"}],"predecessor-version":[{"id":481,"href":"https:\/\/www.marraquette.com\/fr\/wp-json\/wp\/v2\/pages\/20\/revisions\/481"}],"wp:attachment":[{"href":"https:\/\/www.marraquette.com\/fr\/wp-json\/wp\/v2\/media?parent=20"}],"curies":[{"name":"wp","href":"https:\/\/api.w.org\/{rel}","templated":true}]}}