{"id":22,"date":"2024-09-20T16:10:38","date_gmt":"2024-09-20T14:10:38","guid":{"rendered":"https:\/\/www.marraquette.com\/?page_id=22"},"modified":"2025-02-06T20:11:32","modified_gmt":"2025-02-06T19:11:32","slug":"alojamientos","status":"publish","type":"page","link":"https:\/\/www.marraquette.com\/fr\/alojamientos\/","title":{"rendered":""},"content":{"rendered":"<h1 class=\"wp-block-heading has-text-align-center\" style=\"font-size:36px\"><strong>H\u00c9BERGEMENTS \u00c0 HUILO HUILO ET AUX ALENTOURS<\/strong><\/h1>\n\n\n\n<p class=\"has-text-align-center\">&gt; <a href=\"#titre1\" data-type=\"internal\" data-id=\"#titre1\">DORMIR \u00c0 HUILO HUILO<\/a><br>&gt; <a href=\"#titre2\" data-type=\"internal\" data-id=\"#titre2\">DORMIR \u00c0 PANGUIPULLI OU PROCHE<\/a><\/p>\n\n\n\n<h2 class=\"wp-block-heading has-text-align-center\"><strong>UBICACIONES<\/strong><\/h2>\n\n\n<div class=\"wp-block-image\">\n<figure class=\"aligncenter size-full is-resized\"><img loading=\"lazy\" decoding=\"async\" width=\"1181\" height=\"1280\" src=\"https:\/\/www.marraquette.com\/wp-content\/uploads\/2025\/02\/maplocal.jpg\" alt=\"\" class=\"wp-image-458\" style=\"width:1000px\" srcset=\"https:\/\/www.marraquette.com\/wp-content\/uploads\/2025\/02\/maplocal.jpg 1181w, https:\/\/www.marraquette.com\/wp-content\/uploads\/2025\/02\/maplocal-800x867.jpg 800w, https:\/\/www.marraquette.com\/wp-content\/uploads\/2025\/02\/maplocal-1160x1257.jpg 1160w, https:\/\/www.marraquette.com\/wp-content\/uploads\/2025\/02\/maplocal-11x12.jpg 11w, https:\/\/www.marraquette.com\/wp-content\/uploads\/2025\/02\/maplocal-120x130.jpg 120w, https:\/\/www.marraquette.com\/wp-content\/uploads\/2025\/02\/maplocal-90x98.jpg 90w, https:\/\/www.marraquette.com\/wp-content\/uploads\/2025\/02\/maplocal-320x347.jpg 320w, https:\/\/www.marraquette.com\/wp-content\/uploads\/2025\/02\/maplocal-560x607.jpg 560w\" sizes=\"auto, (max-width: 1181px) 100vw, 1181px\" \/><\/figure>\n<\/div>\n\n\n<h2 class=\"wp-block-heading has-text-align-center\"><strong>DORMIR \u00c0 HUILO HUILO<\/strong><\/h2>\n\n\n\n<p class=\"has-text-align-center\">Huilo Huilo poss\u00e8de <strong>plusieurs options d'h\u00e9bergement <\/strong>si vous d\u00e9cidez de passer une ou plusieurs nuits dans la r\u00e9serve naturelle. Il y a <strong>25% de r\u00e9duction<\/strong> pour l'occasion, pour une, deux ou trois nuits (du 28\/11\/2025 au 30\/11\/2025).<\/p>\n\n\n\n<p class=\"has-text-align-center\">Il suffit d'envoyer un email a <a href=\"mailto:reservas@huilohuilo.com\">reservas@huilohuilo.com<\/a>, avec en copie <a href=\"mailto:eventos@huilohuilo.com\">eventos@huilohuilo.com<\/a>, en mentionnant les \u00e9l\u00e9ments suivants: notre nom (Claudia et Hugo), la date du mariage (29\/11\/2025), le nombre de personnes, les nuits et l'h\u00f4tel choisis.<\/p>\n\n\n\n<h3 class=\"wp-block-heading has-text-align-center\" id=\"titre1\">Los hoteles y piezas disponibles<\/h3>\n\n\n\n<div class=\"wp-block-columns is-layout-flex wp-container-core-columns-is-layout-9d6595d7 wp-block-columns-is-layout-flex\">\n<div class=\"wp-block-column is-layout-flow wp-block-column-is-layout-flow\"><div class=\"wp-block-image\">\n<figure class=\"aligncenter size-full is-resized\"><img loading=\"lazy\" decoding=\"async\" width=\"435\" height=\"530\" src=\"https:\/\/www.marraquette.com\/wp-content\/uploads\/2024\/10\/pieleslw296-e1584644629543.jpg\" alt=\"\" class=\"wp-image-147\" style=\"aspect-ratio:1;object-fit:cover;width:300px;height:auto\" srcset=\"https:\/\/www.marraquette.com\/wp-content\/uploads\/2024\/10\/pieleslw296-e1584644629543.jpg 435w, https:\/\/www.marraquette.com\/wp-content\/uploads\/2024\/10\/pieleslw296-e1584644629543-10x12.jpg 10w, https:\/\/www.marraquette.com\/wp-content\/uploads\/2024\/10\/pieleslw296-e1584644629543-120x146.jpg 120w, https:\/\/www.marraquette.com\/wp-content\/uploads\/2024\/10\/pieleslw296-e1584644629543-90x110.jpg 90w, https:\/\/www.marraquette.com\/wp-content\/uploads\/2024\/10\/pieleslw296-e1584644629543-320x390.jpg 320w\" sizes=\"auto, (max-width: 435px) 100vw, 435px\" \/><\/figure>\n<\/div>\n\n\n<div class=\"wp-block-buttons alignwide is-content-justification-center is-layout-flex wp-container-core-buttons-is-layout-51f7783f wp-block-buttons-is-layout-flex\">\n<div class=\"wp-block-button has-custom-width wp-block-button__width-75 has-custom-font-size has-small-font-size\"><a class=\"wp-block-button__link has-text-align-center wp-element-button\" href=\"https:\/\/huilohuilo.com\/donde-alojar\/hoteles\/hotel-nothofagus\/\">Nothofagus<\/a><\/div>\n<\/div>\n<\/div>\n\n\n\n<div class=\"wp-block-column is-layout-flow wp-block-column-is-layout-flow\"><div class=\"wp-block-image\">\n<figure class=\"aligncenter size-full is-resized\"><img loading=\"lazy\" decoding=\"async\" width=\"1024\" height=\"683\" src=\"https:\/\/www.marraquette.com\/wp-content\/uploads\/2024\/10\/81201535.jpg\" alt=\"\" class=\"wp-image-148\" style=\"aspect-ratio:1;object-fit:cover;width:300px;height:auto\" srcset=\"https:\/\/www.marraquette.com\/wp-content\/uploads\/2024\/10\/81201535.jpg 1024w, https:\/\/www.marraquette.com\/wp-content\/uploads\/2024\/10\/81201535-800x534.jpg 800w, https:\/\/www.marraquette.com\/wp-content\/uploads\/2024\/10\/81201535-18x12.jpg 18w, https:\/\/www.marraquette.com\/wp-content\/uploads\/2024\/10\/81201535-120x80.jpg 120w, https:\/\/www.marraquette.com\/wp-content\/uploads\/2024\/10\/81201535-90x60.jpg 90w, https:\/\/www.marraquette.com\/wp-content\/uploads\/2024\/10\/81201535-320x213.jpg 320w, https:\/\/www.marraquette.com\/wp-content\/uploads\/2024\/10\/81201535-560x374.jpg 560w\" sizes=\"auto, (max-width: 1024px) 100vw, 1024px\" \/><\/figure>\n<\/div>\n\n\n<div class=\"wp-block-buttons is-content-justification-center is-layout-flex wp-container-core-buttons-is-layout-51f7783f wp-block-buttons-is-layout-flex\">\n<div class=\"wp-block-button has-custom-width wp-block-button__width-75 has-custom-font-size has-small-font-size\"><a class=\"wp-block-button__link wp-element-button\" href=\"https:\/\/huilohuilo.com\/donde-alojar\/hoteles\/reino-fungi\/\">Reino Fungi<\/a><\/div>\n<\/div>\n<\/div>\n\n\n\n<div class=\"wp-block-column is-layout-flow wp-block-column-is-layout-flow\"><div class=\"wp-block-image\">\n<figure class=\"aligncenter size-full is-resized\"><img loading=\"lazy\" decoding=\"async\" width=\"500\" height=\"530\" src=\"https:\/\/www.marraquette.com\/wp-content\/uploads\/2024\/10\/montana-magica-2-e1559749630960.jpg\" alt=\"\" class=\"wp-image-150\" style=\"aspect-ratio:1;object-fit:cover;width:300px;height:auto\" srcset=\"https:\/\/www.marraquette.com\/wp-content\/uploads\/2024\/10\/montana-magica-2-e1559749630960.jpg 500w, https:\/\/www.marraquette.com\/wp-content\/uploads\/2024\/10\/montana-magica-2-e1559749630960-11x12.jpg 11w, https:\/\/www.marraquette.com\/wp-content\/uploads\/2024\/10\/montana-magica-2-e1559749630960-120x127.jpg 120w, https:\/\/www.marraquette.com\/wp-content\/uploads\/2024\/10\/montana-magica-2-e1559749630960-90x95.jpg 90w, https:\/\/www.marraquette.com\/wp-content\/uploads\/2024\/10\/montana-magica-2-e1559749630960-320x339.jpg 320w\" sizes=\"auto, (max-width: 500px) 100vw, 500px\" \/><\/figure>\n<\/div>\n\n\n<div class=\"wp-block-buttons is-content-justification-center is-layout-flex wp-container-core-buttons-is-layout-16018d1d wp-block-buttons-is-layout-flex\">\n<div class=\"wp-block-button has-custom-width wp-block-button__width-75 has-custom-font-size has-small-font-size\"><a class=\"wp-block-button__link wp-element-button\" href=\"https:\/\/huilohuilo.com\/donde-alojar\/hoteles\/montana-magica\/\">Monta\u00f1a M\u00e1gica<\/a><\/div>\n<\/div>\n<\/div>\n<\/div>\n\n\n\n<div class=\"wp-block-columns is-layout-flex wp-container-core-columns-is-layout-9d6595d7 wp-block-columns-is-layout-flex\">\n<div class=\"wp-block-column is-layout-flow wp-block-column-is-layout-flow\"><div class=\"wp-block-image\">\n<figure class=\"aligncenter size-full is-resized\"><img loading=\"lazy\" decoding=\"async\" width=\"647\" height=\"497\" src=\"https:\/\/www.marraquette.com\/wp-content\/uploads\/2024\/10\/Accommodation_Cabanas-Del-Bosque_EXT_017-1-e1559768929831.jpg\" alt=\"\" class=\"wp-image-151\" style=\"aspect-ratio:1;object-fit:cover;width:300px;height:auto\" srcset=\"https:\/\/www.marraquette.com\/wp-content\/uploads\/2024\/10\/Accommodation_Cabanas-Del-Bosque_EXT_017-1-e1559768929831.jpg 647w, https:\/\/www.marraquette.com\/wp-content\/uploads\/2024\/10\/Accommodation_Cabanas-Del-Bosque_EXT_017-1-e1559768929831-16x12.jpg 16w, https:\/\/www.marraquette.com\/wp-content\/uploads\/2024\/10\/Accommodation_Cabanas-Del-Bosque_EXT_017-1-e1559768929831-120x92.jpg 120w, https:\/\/www.marraquette.com\/wp-content\/uploads\/2024\/10\/Accommodation_Cabanas-Del-Bosque_EXT_017-1-e1559768929831-90x68.jpg 90w, https:\/\/www.marraquette.com\/wp-content\/uploads\/2024\/10\/Accommodation_Cabanas-Del-Bosque_EXT_017-1-e1559768929831-320x246.jpg 320w, https:\/\/www.marraquette.com\/wp-content\/uploads\/2024\/10\/Accommodation_Cabanas-Del-Bosque_EXT_017-1-e1559768929831-560x430.jpg 560w\" sizes=\"auto, (max-width: 647px) 100vw, 647px\" \/><\/figure>\n<\/div>\n\n\n<div class=\"wp-block-buttons is-content-justification-center is-layout-flex wp-container-core-buttons-is-layout-16018d1d wp-block-buttons-is-layout-flex\">\n<div class=\"wp-block-button has-custom-width wp-block-button__width-75 has-custom-font-size has-small-font-size\"><a class=\"wp-block-button__link wp-element-button\" href=\"https:\/\/huilohuilo.com\/donde-alojar\/caba%C3%B1as-y-departamentos\/cabanas-del-bosque\/\">Cabanes <br>del Bosque<\/a><\/div>\n<\/div>\n<\/div>\n\n\n\n<div class=\"wp-block-column is-layout-flow wp-block-column-is-layout-flow\"><div class=\"wp-block-image\">\n<figure class=\"aligncenter size-full is-resized\"><img loading=\"lazy\" decoding=\"async\" width=\"1024\" height=\"683\" src=\"https:\/\/www.marraquette.com\/wp-content\/uploads\/2024\/10\/97968701.jpg\" alt=\"\" class=\"wp-image-152\" style=\"aspect-ratio:1;object-fit:cover;width:300px;height:auto\" srcset=\"https:\/\/www.marraquette.com\/wp-content\/uploads\/2024\/10\/97968701.jpg 1024w, https:\/\/www.marraquette.com\/wp-content\/uploads\/2024\/10\/97968701-800x534.jpg 800w, https:\/\/www.marraquette.com\/wp-content\/uploads\/2024\/10\/97968701-18x12.jpg 18w, https:\/\/www.marraquette.com\/wp-content\/uploads\/2024\/10\/97968701-120x80.jpg 120w, https:\/\/www.marraquette.com\/wp-content\/uploads\/2024\/10\/97968701-90x60.jpg 90w, https:\/\/www.marraquette.com\/wp-content\/uploads\/2024\/10\/97968701-320x213.jpg 320w, https:\/\/www.marraquette.com\/wp-content\/uploads\/2024\/10\/97968701-560x374.jpg 560w\" sizes=\"auto, (max-width: 1024px) 100vw, 1024px\" \/><\/figure>\n<\/div>\n\n\n<div class=\"wp-block-buttons is-content-justification-center is-layout-flex wp-container-core-buttons-is-layout-16018d1d wp-block-buttons-is-layout-flex\">\n<div class=\"wp-block-button has-custom-width wp-block-button__width-75 has-custom-font-size has-small-font-size\"><a class=\"wp-block-button__link wp-element-button\" href=\"https:\/\/huilohuilo.com\/donde-alojar\/hoteles\/nawelpi-lodge\/\">Hotel <br>Nawelpi Lodge<\/a><\/div>\n<\/div>\n<\/div>\n\n\n\n<div class=\"wp-block-column is-layout-flow wp-block-column-is-layout-flow\"><div class=\"wp-block-image\">\n<figure class=\"aligncenter size-full is-resized\"><img loading=\"lazy\" decoding=\"async\" width=\"500\" height=\"530\" src=\"https:\/\/www.marraquette.com\/wp-content\/uploads\/2024\/10\/Accomodation_Club-Huillin_EXT_014-e1559766002299.jpg\" alt=\"\" class=\"wp-image-153\" style=\"aspect-ratio:1;object-fit:cover;width:300px;height:auto\" srcset=\"https:\/\/www.marraquette.com\/wp-content\/uploads\/2024\/10\/Accomodation_Club-Huillin_EXT_014-e1559766002299.jpg 500w, https:\/\/www.marraquette.com\/wp-content\/uploads\/2024\/10\/Accomodation_Club-Huillin_EXT_014-e1559766002299-11x12.jpg 11w, https:\/\/www.marraquette.com\/wp-content\/uploads\/2024\/10\/Accomodation_Club-Huillin_EXT_014-e1559766002299-120x127.jpg 120w, https:\/\/www.marraquette.com\/wp-content\/uploads\/2024\/10\/Accomodation_Club-Huillin_EXT_014-e1559766002299-90x95.jpg 90w, https:\/\/www.marraquette.com\/wp-content\/uploads\/2024\/10\/Accomodation_Club-Huillin_EXT_014-e1559766002299-320x339.jpg 320w\" sizes=\"auto, (max-width: 500px) 100vw, 500px\" \/><\/figure>\n<\/div>\n\n\n<div class=\"wp-block-buttons is-content-justification-center is-layout-flex wp-container-core-buttons-is-layout-16018d1d wp-block-buttons-is-layout-flex\">\n<div class=\"wp-block-button has-custom-font-size has-small-font-size\"><a class=\"wp-block-button__link wp-element-button\" href=\"https:\/\/huilohuilo.com\/donde-alojar\/caba%C3%B1as-y-departamentos\/club-huillin\/\">Appartemment <br>Club Huillin<\/a><\/div>\n<\/div>\n<\/div>\n<\/div>\n\n\n\n<hr class=\"wp-block-separator has-alpha-channel-opacity\"\/>\n\n\n\n<h3 class=\"wp-block-heading has-text-align-center\" id=\"titre2\"><strong>DORMIR \u00c0 PANGUIPULLI OU AUX ALENTOURS<\/strong><\/h3>\n\n\n\n<p>Si <strong>vous souhaitez loger \u00e0 Panguipulli<\/strong> ou aux alentours, on a rassembl\u00e9 pleins d'options plus bas. Vous pouvez r\u00e9server via Booking, AirBnB, ou directement aupr\u00e8s des propri\u00e9taires. N'oubliez pas qu'on mettra des navettes pour aller jusqu'au site du mariage.<\/p>\n\n\n\n<h4 class=\"wp-block-heading has-background\" style=\"background-color:#a9ab74\">\ud83c\udfe0 AU LAC PANGUIPULLI (<strong>41km<\/strong> de Huilo Huilo \u2013 40min aprox.)<\/h4>\n\n\n\n<p>&gt;&gt; <a href=\"https:\/\/www.google.com\/maps\/search\/H%C3%B4tels\/@-39.6583517,-72.2108116,16z?entry=ttu&amp;g_ep=EgoyMDI0MTAwNy4xIKXMDSoASAFQAw%3D%3D\" target=\"_blank\" rel=\"noreferrer noopener\"><strong>Options sur Google Maps<\/strong><\/a><\/p>\n\n\n\n<ul class=\"wp-block-list\">\n<li class=\"has-small-font-size\">Paihuen Lodge : <a href=\"https:\/\/www.instagram.com\/paihuen_panguipulli\/\" target=\"_blank\" rel=\"noreferrer noopener\">https:\/\/www.instagram.com\/paihuen_panguipulli\/<\/a><\/li>\n\n\n\n<li class=\"has-small-font-size\">Caba\u00f1as Los Coihues : <a href=\"https:\/\/www.cabanasloscoihues.cl\/cabanas.html\" target=\"_blank\" rel=\"noreferrer noopener\">https:\/\/www.cabanasloscoihues.cl\/cabanas.html<\/a><\/li>\n\n\n\n<li class=\"has-small-font-size\">Caba\u00f1as Reko : <a href=\"https:\/\/www.instagram.com\/cabanasrekopanguipulli\/\" target=\"_blank\" rel=\"noreferrer noopener\">https:\/\/www.instagram.com\/cabanasrekopanguipulli\/<\/a><\/li>\n\n\n\n<li class=\"has-small-font-size\">Caba\u00f1as Pichi Huinca : <a href=\"https:\/\/www.instagram.com\/cabanaspichihuinca\/\" target=\"_blank\" rel=\"noreferrer noopener\">https:\/\/www.instagram.com\/cabanaspichihuinca\/<\/a><\/li>\n\n\n\n<li class=\"has-small-font-size\">Ruca Lauqu\u00e9n : <a href=\"https:\/\/www.instagram.com\/ruca_lauquen\/\" target=\"_blank\" rel=\"noreferrer noopener\">https:\/\/www.instagram.com\/ruca_lauquen\/<\/a><\/li>\n\n\n\n<li class=\"has-small-font-size\">Hostal Portal Hua Hum : <a href=\"https:\/\/hostalenchile.cl\/categoria\/hostales\/hostal-portal-hua-hum\/2404\" target=\"_blank\" rel=\"noreferrer noopener\">https:\/\/hostalenchile.cl\/categoria\/hostales\/hostal-portal-hua-hum\/2404<\/a><\/li>\n\n\n\n<li class=\"has-small-font-size\">Kumewe Lodge : <a href=\"https:\/\/www.kumewe.cl\/\">https:\/\/www.kumewe.cl\/<\/a><\/li>\n\n\n\n<li class=\"has-small-font-size\">Caba\u00f1as Huenehue : <a href=\"https:\/\/www.huenehue.com\/\">https:\/\/www.huenehue.com\/<\/a><\/li>\n<\/ul>\n\n\n\n<h4 class=\"wp-block-heading has-background\" style=\"background-color:#a9ab74\">\ud83c\udfe0 AU VILLAGE PANGUIPULLI (<strong>56km<\/strong> de Huilo Huilo &#8211; 50min aprox.)<\/h4>\n\n\n\n<p>&gt;&gt; <strong><a href=\"https:\/\/www.google.com\/maps\/search\/H%C3%B4tels\/@-39.6464617,-72.3448059,15z?entry=ttu&amp;g_ep=EgoyMDI0MTAwNy4xIKXMDSoASAFQAw%3D%3D\" target=\"_blank\" rel=\"noreferrer noopener\">Options sur Google Maps<\/a><\/strong><\/p>\n\n\n\n<h5 class=\"wp-block-heading\"><strong>HOTELS<\/strong><\/h5>\n\n\n\n<ul class=\"wp-block-list\">\n<li class=\"has-small-font-size\">Hotel 381 : <a href=\"https:\/\/www.hotel381.com\/\" target=\"_blank\" rel=\"noreferrer noopener\">https:\/\/www.hotel381.com\/<\/a><\/li>\n\n\n\n<li class=\"has-small-font-size\">Albergo Panguipulli : <a href=\"https:\/\/www.albergo.cl\/\" target=\"_blank\" rel=\"noreferrer noopener\">https:\/\/www.albergo.cl\/<\/a><\/li>\n\n\n\n<li class=\"has-small-font-size\">Hotel Koyan : <a href=\"https:\/\/www.tripadvisor.com\/Hotel_Review-g1202629-d13073981-Reviews-Hotel_Koyan-Panguipulli_Los_Rios_Region.html\" target=\"_blank\" rel=\"noreferrer noopener\">https:\/\/www.tripadvisor.com\/Hotel_Review-g1202629-d13073981-Reviews-Hotel_Koyan-Panguipulli_Los_Rios_Region.html<\/a><\/li>\n\n\n\n<li class=\"has-small-font-size\">EcoTerra Verde : <a href=\"https:\/\/www.ecoterraverde.cl\/\" target=\"_blank\" rel=\"noreferrer noopener\">https:\/\/www.ecoterraverde.cl\/<\/a><\/li>\n\n\n\n<li class=\"has-small-font-size\">PuchaLafquen : <a href=\"http:\/\/puchaleylafquen.com\/\" target=\"_blank\" rel=\"noreferrer noopener\">http:\/\/puchaleylafquen.com\/<\/a><\/li>\n\n\n\n<li class=\"has-small-font-size\">Casa Panguipulli<strong> <\/strong>: <a href=\"https:\/\/hoteleracasachile.cl\/casa-panguipulli\/\" target=\"_blank\" rel=\"noreferrer noopener\">https:\/\/hoteleracasachile.cl\/casa-panguipulli\/<\/a><\/li>\n<\/ul>\n\n\n\n<h5 class=\"wp-block-heading\"><strong>CABANES<\/strong><\/h5>\n\n\n\n<ul class=\"wp-block-list\">\n<li class=\"has-small-font-size\">Wincaraguen<strong> <\/strong>: <a href=\"https:\/\/wincarayen.cl\/\" target=\"_blank\" rel=\"noreferrer noopener\">https:\/\/wincarayen.cl\/<\/a><\/li>\n\n\n\n<li class=\"has-small-font-size\">Ruka Pehuen<strong> <\/strong>: <a href=\"https:\/\/sietelagos.cl\/sturisticos\/cabanas-y-departamentos-ruka-pehuen\" target=\"_blank\" rel=\"noreferrer noopener\">https:\/\/sietelagos.cl\/sturisticos\/cabanas-y-departamentos-ruka-pehuen<\/a><\/li>\n\n\n\n<li class=\"has-small-font-size\">Caba\u00f1a El Galo : <a href=\"https:\/\/sietelagos.cl\/sturisticos\/cabanas-el-galo\/\" target=\"_blank\" rel=\"noreferrer noopener\">https:\/\/sietelagos.cl\/sturisticos\/cabanas-el-galo\/<\/a><\/li>\n\n\n\n<li class=\"has-small-font-size\">Caba\u00f1a Mis Viejo : <a href=\"https:\/\/xn--cabaasmisviejos-1qb.cl\/\" target=\"_blank\" rel=\"noreferrer noopener\">https:\/\/xn--cabaasmisviejos-1qb.cl\/<\/a><\/li>\n\n\n\n<li class=\"has-small-font-size\">Caba\u00f1a Casur : <a href=\"https:\/\/www.booking.com\/hotel\/cl\/cabana-by-casur-panguipulli.fr.html\" target=\"_blank\" rel=\"noreferrer noopener\">https:\/\/www.booking.com\/hotel\/cl\/cabana-by-casur-panguipulli.fr.html<\/a><\/li>\n\n\n\n<li class=\"has-small-font-size\">Caba\u00f1as Parque Del Lago : <a href=\"https:\/\/parquedellago.cl\/\" target=\"_blank\" rel=\"noreferrer noopener\">https:\/\/parquedellago.cl\/<\/a><\/li>\n\n\n\n<li class=\"has-small-font-size\">Caba\u00f1a Del Bosque<strong> <\/strong>: <a href=\"https:\/\/lacabanachilena.com\/cabanas-en-panguipulli\/\" target=\"_blank\" rel=\"noreferrer noopener\">https:\/\/lacabanachilena.com\/cabanas-en-panguipulli\/<\/a><\/li>\n<\/ul>\n\n\n\n<h5 class=\"wp-block-heading\"><strong>AUBERGES DE JEUNESSE<\/strong><\/h5>\n\n\n\n<ul class=\"wp-block-list\">\n<li class=\"has-small-font-size\">Hostal Nahuel : <a href=\"https:\/\/www.hostaleschile.cl\/los-rios\/panguipulli\/hostal-nahuel\/\" target=\"_blank\" rel=\"noreferrer noopener\">https:\/\/www.hostaleschile.cl\/los-rios\/panguipulli\/hostal-nahuel\/<\/a><\/li>\n\n\n\n<li class=\"has-small-font-size\">La Casita del Centro : <a href=\"https:\/\/sietelagos.cl\/sturisticos\/hostal-casita-del-centro\/\" target=\"_blank\" rel=\"noreferrer noopener\">https:\/\/sietelagos.cl\/sturisticos\/hostal-casita-del-centro\/<\/a><\/li>\n\n\n\n<li class=\"has-small-font-size\">Hostal Casa Boqui : <a href=\"https:\/\/www.instagram.com\/hostalcasaboqui\/\" target=\"_blank\" rel=\"noreferrer noopener\">https:\/\/www.instagram.com\/hostalcasaboqui\/<\/a><\/li>\n\n\n\n<li class=\"has-small-font-size\">Umants\u00fc Hostel : <a href=\"https:\/\/www.booking.com\/hotel\/cl\/umantu-hostel.fr.html\" target=\"_blank\" rel=\"noreferrer noopener\">https:\/\/www.booking.com\/hotel\/cl\/umantu-hostel.fr.html<\/a><\/li>\n\n\n\n<li class=\"has-small-font-size\">Refugio Ruka Cumelen : <a href=\"https:\/\/www.booking.com\/hotel\/cl\/ruka-cumelen.fr.html\" target=\"_blank\" rel=\"noreferrer noopener\">https:\/\/www.booking.com\/hotel\/cl\/ruka-cumelen.fr.html<\/a><\/li>\n<\/ul>\n\n\n\n<h4 class=\"wp-block-heading has-background\" style=\"background-color:#a9ab74\">\ud83c\udfe0 \u00c0 NELTUME (<strong>3km<\/strong> de Huilo Huilo)<\/h4>\n\n\n\n<p>&gt;&gt; <strong><a href=\"https:\/\/www.google.com\/maps\/search\/H%C3%B4tels\/@-39.850989,-71.9410585,16z?entry=ttu&amp;g_ep=EgoyMDI0MTAwNy4xIKXMDSoASAFQAw%3D%3D\" target=\"_blank\" rel=\"noreferrer noopener\">Options en Google Maps<\/a><\/strong><\/p>\n\n\n\n<ul class=\"wp-block-list\">\n<li class=\"has-small-font-size\">Treca Lodge : <a href=\"https:\/\/www.booking.com\/hotel\/cl\/treca-rupan-lodge.fr.html\" target=\"_blank\" rel=\"noreferrer noopener\">https:\/\/www.booking.com\/hotel\/cl\/treca-rupan-lodge.fr.html<\/a><\/li>\n\n\n\n<li class=\"has-small-font-size\">Patagonia Mawida : <a href=\"https:\/\/www.booking.com\/hotel\/cl\/patagoniamawida.fr.html\" target=\"_blank\" rel=\"noreferrer noopener\">https:\/\/www.booking.com\/hotel\/cl\/patagoniamawida.fr.html<\/a><\/li>\n\n\n\n<li class=\"has-small-font-size\">La Caba\u00f1a : <a href=\"https:\/\/www.booking.com\/hotel\/cl\/la-cabana.fr.html\" target=\"_blank\" rel=\"noreferrer noopener\">https:\/\/www.booking.com\/hotel\/cl\/la-cabana.fr.html<\/a><\/li>\n\n\n\n<li class=\"has-small-font-size\">Refugio Rio Fuy : <a href=\"https:\/\/www.booking.com\/hotel\/cl\/refugio-rio-fuy.fr.html\" target=\"_blank\" rel=\"noreferrer noopener\">https:\/\/www.booking.com\/hotel\/cl\/refugio-rio-fuy.fr.html<\/a><\/li>\n\n\n\n<li class=\"has-small-font-size\">Karu Domos del Fuy : <a href=\"https:\/\/www.booking.com\/hotel\/cl\/kara1-4-domos-del-fuy.fr.html\" target=\"_blank\" rel=\"noreferrer noopener\">https:\/\/www.booking.com\/hotel\/cl\/kara1-4-domos-del-fuy.fr.html<\/a><\/li>\n\n\n\n<li class=\"has-small-font-size\">Caba\u00f1as Borde Rio : <a href=\"https:\/\/www.booking.com\/hotel\/cl\/cabanas-apartamentos-borde-rio.fr.html\" target=\"_blank\" rel=\"noreferrer noopener\">https:\/\/www.booking.com\/hotel\/cl\/cabanas-apartamentos-borde-rio.fr.html<\/a><\/li>\n\n\n\n<li class=\"has-small-font-size\">Hostal Los Alamos : <a href=\"https:\/\/www.booking.com\/hotel\/cl\/hostal-los-alamos-neltume.fr.html\" target=\"_blank\" rel=\"noreferrer noopener\">https:\/\/www.booking.com\/hotel\/cl\/hostal-los-alamos-neltume.fr.html<\/a><\/li>\n\n\n\n<li class=\"has-small-font-size\">La Posada<strong> <\/strong>: <a href=\"https:\/\/www.booking.com\/hotel\/cl\/posada-huilo-huilo.fr.html\" target=\"_blank\" rel=\"noreferrer noopener\">https:\/\/www.booking.com\/hotel\/cl\/posada-huilo-huilo.fr.html<\/a><\/li>\n\n\n\n<li class=\"has-small-font-size\">Cabanas Los Chilcos : <a href=\"https:\/\/www.booking.com\/hotel\/cl\/cabana-los-chilcos-neltume-huilo-huilo.fr.html\" target=\"_blank\" rel=\"noreferrer noopener\">https:\/\/www.booking.com\/hotel\/cl\/cabana-los-chilcos-neltume-huilo-huilo.fr.html<\/a><\/li>\n\n\n\n<li class=\"has-small-font-size\">Camping Pod<strong> <\/strong>: <a href=\"https:\/\/www.campingchile.cl\/los-rios\/panguipulli\/camping-pod\/\" target=\"_blank\" rel=\"noreferrer noopener\">https:\/\/www.campingchile.cl\/los-rios\/panguipulli\/camping-pod\/<\/a><\/li>\n\n\n\n<li class=\"has-small-font-size\">Cabanas Lago Neltume<strong> <\/strong>: <a href=\"https:\/\/www.lagoneltume.cl\/\" target=\"_blank\" rel=\"noreferrer noopener\">https:\/\/www.lagoneltume.cl\/<\/a><\/li>\n<\/ul>\n\n\n\n<h4 class=\"wp-block-heading has-background\" style=\"background-color:#a9ab74\">\ud83c\udfe0 \u00c0 PUERTO FUY (<strong>6km<\/strong>&nbsp;de Huilo Huilo)<\/h4>\n\n\n\n<p>&gt;&gt; <strong><a href=\"https:\/\/www.google.com\/maps\/search\/H%C3%B4tels\/@-39.8727842,-71.8944145,17z?entry=ttu&amp;g_ep=EgoyMDI0MTAwNy4xIKXMDSoASAFQAw%3D%3D\" target=\"_blank\" rel=\"noreferrer noopener\">Options sur Google Maps<\/a><\/strong><\/p>\n\n\n\n<ul class=\"wp-block-list\">\n<li class=\"has-small-font-size\">Hostal Tintica Buey : <a href=\"https:\/\/www.instagram.com\/tinticabuey\/\" target=\"_blank\" rel=\"noreferrer noopener\">https:\/\/www.instagram.com\/tinticabuey\/<\/a><\/li>\n\n\n\n<li class=\"has-small-font-size\">Hadas del Lago<strong> <\/strong>: <a href=\"https:\/\/www.facebook.com\/profile.php?id=100086467754256&amp;mibextid=9R9pXO\" target=\"_blank\" rel=\"noreferrer noopener\">https:\/\/www.facebook.com\/profile.php?id=100086467754256<\/a><\/li>\n\n\n\n<li class=\"has-small-font-size\">Casita Arbol : <a href=\"https:\/\/www.booking.com\/hotel\/cl\/casita-arbol.fr.html\" target=\"_blank\" rel=\"noreferrer noopener\">https:\/\/www.booking.com\/hotel\/cl\/casita-arbol.fr.html<\/a><\/li>\n\n\n\n<li class=\"has-small-font-size\">Refugios Outscape Fuy : <a href=\"https:\/\/www.booking.com\/hotel\/cl\/outscape-fuy.fr.html\" target=\"_blank\" rel=\"noreferrer noopener\">https:\/\/www.booking.com\/hotel\/cl\/outscape-fuy.fr.html<\/a><\/li>\n\n\n\n<li class=\"has-small-font-size\">Tiny Fuy : <a href=\"https:\/\/www.booking.com\/hotel\/cl\/tiny-fuy.fr.html\" target=\"_blank\" rel=\"noreferrer noopener\">https:\/\/www.booking.com\/hotel\/cl\/tiny-fuy.fr.html<\/a><\/li>\n\n\n\n<li class=\"has-small-font-size\">Ayun Fuy : <a href=\"https:\/\/ayunlemu.cl\/ay%C3%BCn-fuy\">https:\/\/ayunlemu.cl\/ay%C3%BCn-fuy<\/a><\/li>\n<\/ul>","protected":false},"excerpt":{"rendered":"<p>ALOJAMIENTOS EN HUILO HUILO &amp; ALREDEDORES &gt; ALOJAR EN HUILO HUILO&gt; ALOJAR EN PANGUIPULLI O ALREDEDORES UBICACIONES ALOJAR EN HUILO HUILO Huilo Huilo cuenta con varias opciones de alojamiento si&hellip;<\/p>","protected":false},"author":1,"featured_media":0,"parent":0,"menu_order":0,"comment_status":"closed","ping_status":"closed","template":"","meta":{"footnotes":""},"class_list":["post-22","page","type-page","status-publish"],"_links":{"self":[{"href":"https:\/\/www.marraquette.com\/fr\/wp-json\/wp\/v2\/pages\/22","targetHints":{"allow":["GET"]}}],"collection":[{"href":"https:\/\/www.marraquette.com\/fr\/wp-json\/wp\/v2\/pages"}],"about":[{"href":"https:\/\/www.marraquette.com\/fr\/wp-json\/wp\/v2\/types\/page"}],"author":[{"embeddable":true,"href":"https:\/\/www.marraquette.com\/fr\/wp-json\/wp\/v2\/users\/1"}],"replies":[{"embeddable":true,"href":"https:\/\/www.marraquette.com\/fr\/wp-json\/wp\/v2\/comments?post=22"}],"version-history":[{"count":53,"href":"https:\/\/www.marraquette.com\/fr\/wp-json\/wp\/v2\/pages\/22\/revisions"}],"predecessor-version":[{"id":485,"href":"https:\/\/www.marraquette.com\/fr\/wp-json\/wp\/v2\/pages\/22\/revisions\/485"}],"wp:attachment":[{"href":"https:\/\/www.marraquette.com\/fr\/wp-json\/wp\/v2\/media?parent=22"}],"curies":[{"name":"wp","href":"https:\/\/api.w.org\/{rel}","templated":true}]}}