{"id":8,"date":"2024-09-17T18:47:28","date_gmt":"2024-09-17T16:47:28","guid":{"rendered":"https:\/\/www.marraquette.com\/homepage\/"},"modified":"2025-08-27T14:50:02","modified_gmt":"2025-08-27T12:50:02","slug":"homepage","status":"publish","type":"page","link":"https:\/\/www.marraquette.com\/fr\/","title":{"rendered":""},"content":{"rendered":"<h1 class=\"wp-block-heading has-text-align-center\" style=\"font-size:36px\"><strong>MARIAGE DE CLAUDIA ET HUGO<\/strong><\/h1>\n\n\n\n<p class=\"has-text-align-center has-black-color has-text-color has-link-color wp-elements-0a5b3082c8de31ee4e3b8d217725abe4\">Quand ? <strong>29 Novembre 2025<\/strong> \ud83d\udcc5 <br>O\u00f9 ? <strong>HUILO HUILO<\/strong> \ud83c\udde8\ud83c\uddf1  Chili \ud83d\udccd<\/p>\n\n\n<div class=\"wp-block-image is-style-default\">\n<figure class=\"aligncenter size-full is-resized\"><img loading=\"lazy\" decoding=\"async\" width=\"1280\" height=\"717\" src=\"https:\/\/www.marraquette.com\/wp-content\/uploads\/2024\/11\/WhatsApp-Image-2024-11-19-a-16.01.54_04c5f9f2-1.jpg\" alt=\"\" class=\"wp-image-328\" style=\"width:600px\" srcset=\"https:\/\/www.marraquette.com\/wp-content\/uploads\/2024\/11\/WhatsApp-Image-2024-11-19-a-16.01.54_04c5f9f2-1.jpg 1280w, https:\/\/www.marraquette.com\/wp-content\/uploads\/2024\/11\/WhatsApp-Image-2024-11-19-a-16.01.54_04c5f9f2-1-800x448.jpg 800w, https:\/\/www.marraquette.com\/wp-content\/uploads\/2024\/11\/WhatsApp-Image-2024-11-19-a-16.01.54_04c5f9f2-1-1160x650.jpg 1160w, https:\/\/www.marraquette.com\/wp-content\/uploads\/2024\/11\/WhatsApp-Image-2024-11-19-a-16.01.54_04c5f9f2-1-18x10.jpg 18w, https:\/\/www.marraquette.com\/wp-content\/uploads\/2024\/11\/WhatsApp-Image-2024-11-19-a-16.01.54_04c5f9f2-1-120x67.jpg 120w, https:\/\/www.marraquette.com\/wp-content\/uploads\/2024\/11\/WhatsApp-Image-2024-11-19-a-16.01.54_04c5f9f2-1-90x50.jpg 90w, https:\/\/www.marraquette.com\/wp-content\/uploads\/2024\/11\/WhatsApp-Image-2024-11-19-a-16.01.54_04c5f9f2-1-320x179.jpg 320w, https:\/\/www.marraquette.com\/wp-content\/uploads\/2024\/11\/WhatsApp-Image-2024-11-19-a-16.01.54_04c5f9f2-1-560x314.jpg 560w\" sizes=\"auto, (max-width: 1280px) 100vw, 1280px\" \/><\/figure>\n<\/div>\n\n\n<p class=\"has-text-align-center has-black-color has-text-color has-link-color wp-elements-3f70fa4bf8bc3cced598ea8f168674fa\" style=\"font-size:16px\">On va se marier !<br>Pour l'occasion, on a d\u00e9cid\u00e9 d'organiser une grande f\u00eate dans la r\u00e9gion de Los Lagos, Panguipulli, dans la <strong>r\u00e9serve naturelle Huilo Huilo<\/strong>, et on aimerait beaucoup que vous puissiez en faire partie ! <br>Sur ce site, on a rassembl\u00e9 <strong>toutes les informations utiles<\/strong> pour celles et ceux qui feront le voyage : des infos sur le lieux, o\u00f9 dormir, comment faire le voyage, et des id\u00e9es d'activit\u00e9s autour du lac. Si vous avez la moindre question, contactez-nous ! <br>Des bisous !<\/p>\n\n\n\n<h2 class=\"wp-block-heading has-text-align-center\"><strong>PLANNING<\/strong><\/h2>\n\n\n<div class=\"wp-block-image\">\n<figure class=\"aligncenter size-large is-resized\"><img loading=\"lazy\" decoding=\"async\" width=\"1160\" height=\"769\" src=\"https:\/\/www.marraquette.com\/wp-content\/uploads\/2025\/02\/timeline-1160x769.jpg\" alt=\"\" class=\"wp-image-451\" style=\"width:1000px\" srcset=\"https:\/\/www.marraquette.com\/wp-content\/uploads\/2025\/02\/timeline-1160x769.jpg 1160w, https:\/\/www.marraquette.com\/wp-content\/uploads\/2025\/02\/timeline-800x530.jpg 800w, https:\/\/www.marraquette.com\/wp-content\/uploads\/2025\/02\/timeline-18x12.jpg 18w, https:\/\/www.marraquette.com\/wp-content\/uploads\/2025\/02\/timeline-120x80.jpg 120w, https:\/\/www.marraquette.com\/wp-content\/uploads\/2025\/02\/timeline-90x60.jpg 90w, https:\/\/www.marraquette.com\/wp-content\/uploads\/2025\/02\/timeline-320x212.jpg 320w, https:\/\/www.marraquette.com\/wp-content\/uploads\/2025\/02\/timeline-560x371.jpg 560w, https:\/\/www.marraquette.com\/wp-content\/uploads\/2025\/02\/timeline.jpg 1280w\" sizes=\"auto, (max-width: 1160px) 100vw, 1160px\" \/><\/figure>\n<\/div>\n\n\n<div class=\"wp-block-columns has-background is-layout-flex wp-container-core-columns-is-layout-9d6595d7 wp-block-columns-is-layout-flex\" style=\"background-color:#a9ab74\">\n<div class=\"wp-block-column is-layout-flow wp-block-column-is-layout-flow\" style=\"flex-basis:66.66%\">\n<p class=\"has-black-color has-text-color has-link-color wp-elements-1c1894dc572bbe9c21fa8d5409a973de\">Si vous pensez venir, merci de renseigner vos informations sur le formulaire suivant :<\/p>\n<\/div>\n\n\n\n<div class=\"wp-block-column is-layout-flow wp-block-column-is-layout-flow\" style=\"flex-basis:33.33%\">\n<div class=\"wp-block-buttons is-layout-flex wp-block-buttons-is-layout-flex\">\n<div class=\"wp-block-button is-style-fill\"><a class=\"wp-block-button__link has-black-color has-text-color has-background has-link-color wp-element-button\" href=\"https:\/\/forms.gle\/Wi18JJdnf8pW8os27\" style=\"background-color:#e3e0c9\" target=\"_blank\" rel=\" noreferrer noopener nofollow\">Confirmer ma participation<\/a><\/div>\n<\/div>\n<\/div>\n<\/div>\n\n\n\n<hr class=\"wp-block-separator has-alpha-channel-opacity\"\/>\n\n\n\n<div class=\"wp-block-columns is-layout-flex wp-container-core-columns-is-layout-9d6595d7 wp-block-columns-is-layout-flex\">\n<div class=\"wp-block-column is-layout-flow wp-block-column-is-layout-flow\">\n<div class=\"wp-block-buttons is-content-justification-center is-layout-flex wp-container-core-buttons-is-layout-51f7783f wp-block-buttons-is-layout-flex\">\n<div class=\"wp-block-button\"><a class=\"wp-block-button__link has-background wp-element-button\" href=\"https:\/\/www.marraquette.com\/fr\/lugar-y-actividades\/\" style=\"background-color:#a9ab74\">LIEU ET ACTIVIT\u00c9S<\/a><\/div>\n<\/div>\n\n\n<div class=\"wp-block-image\">\n<figure class=\"aligncenter size-full is-resized\"><img loading=\"lazy\" decoding=\"async\" width=\"1100\" height=\"650\" src=\"https:\/\/www.marraquette.com\/wp-content\/uploads\/2024\/09\/panguipulli.jpg\" alt=\"\" class=\"wp-image-84\" style=\"object-fit:cover;width:300px;height:350px\" srcset=\"https:\/\/www.marraquette.com\/wp-content\/uploads\/2024\/09\/panguipulli.jpg 1100w, https:\/\/www.marraquette.com\/wp-content\/uploads\/2024\/09\/panguipulli-800x473.jpg 800w, https:\/\/www.marraquette.com\/wp-content\/uploads\/2024\/09\/panguipulli-18x12.jpg 18w, https:\/\/www.marraquette.com\/wp-content\/uploads\/2024\/09\/panguipulli-120x71.jpg 120w, https:\/\/www.marraquette.com\/wp-content\/uploads\/2024\/09\/panguipulli-90x53.jpg 90w, https:\/\/www.marraquette.com\/wp-content\/uploads\/2024\/09\/panguipulli-320x189.jpg 320w, https:\/\/www.marraquette.com\/wp-content\/uploads\/2024\/09\/panguipulli-560x331.jpg 560w\" sizes=\"auto, (max-width: 1100px) 100vw, 1100px\" \/><\/figure>\n<\/div>\n\n\n<p class=\"has-text-align-center has-black-color has-text-color has-link-color wp-elements-2126cde99db31760b703f777b6decf79\">D\u00e9couvrir Panguipulli, Huilo Huilo et les alentours.<\/p>\n<\/div>\n\n\n\n<div class=\"wp-block-column is-layout-flow wp-block-column-is-layout-flow\">\n<div class=\"wp-block-buttons is-content-justification-center is-layout-flex wp-container-core-buttons-is-layout-16018d1d wp-block-buttons-is-layout-flex\">\n<div class=\"wp-block-button\"><a class=\"wp-block-button__link has-background wp-element-button\" href=\"https:\/\/www.marraquette.com\/fr\/alojamientos\/\" style=\"background-color:#a9ab74\">H\u00c9BERGEMENTS<\/a><\/div>\n<\/div>\n\n\n<div class=\"wp-block-image\">\n<figure class=\"aligncenter size-full is-resized\"><img loading=\"lazy\" decoding=\"async\" width=\"1024\" height=\"683\" src=\"https:\/\/www.marraquette.com\/wp-content\/uploads\/2024\/09\/huilohuilo-hotel.jpg\" alt=\"\" class=\"wp-image-85\" style=\"object-fit:cover;width:300px;height:350px\" srcset=\"https:\/\/www.marraquette.com\/wp-content\/uploads\/2024\/09\/huilohuilo-hotel.jpg 1024w, https:\/\/www.marraquette.com\/wp-content\/uploads\/2024\/09\/huilohuilo-hotel-800x534.jpg 800w, https:\/\/www.marraquette.com\/wp-content\/uploads\/2024\/09\/huilohuilo-hotel-18x12.jpg 18w, https:\/\/www.marraquette.com\/wp-content\/uploads\/2024\/09\/huilohuilo-hotel-120x80.jpg 120w, https:\/\/www.marraquette.com\/wp-content\/uploads\/2024\/09\/huilohuilo-hotel-90x60.jpg 90w, https:\/\/www.marraquette.com\/wp-content\/uploads\/2024\/09\/huilohuilo-hotel-320x213.jpg 320w, https:\/\/www.marraquette.com\/wp-content\/uploads\/2024\/09\/huilohuilo-hotel-560x374.jpg 560w\" sizes=\"auto, (max-width: 1024px) 100vw, 1024px\" \/><\/figure>\n<\/div>\n\n\n<p class=\"has-text-align-center has-black-color has-text-color has-link-color wp-elements-5456490341c8a1f2fe1f36d1a3d10e8e\">Toutes les options pour dormir, selon vos pr\u00e9f\u00e9rences.<\/p>\n<\/div>\n\n\n\n<div class=\"wp-block-column is-layout-flow wp-block-column-is-layout-flow\">\n<div class=\"wp-block-buttons is-content-justification-center is-layout-flex wp-container-core-buttons-is-layout-8057eaf3 wp-block-buttons-is-layout-flex\">\n<div class=\"wp-block-button\"><a class=\"wp-block-button__link has-background wp-element-button\" href=\"https:\/\/www.marraquette.com\/fr\/transportes\/\" style=\"background-color:#a9ab74\">COMMENT VENIR ?<\/a><\/div>\n<\/div>\n\n\n<div class=\"wp-block-image\">\n<figure class=\"aligncenter size-full is-resized\"><img loading=\"lazy\" decoding=\"async\" width=\"650\" height=\"450\" src=\"https:\/\/www.marraquette.com\/wp-content\/uploads\/2024\/09\/voyage.jpg\" alt=\"\" class=\"wp-image-87\" style=\"object-fit:cover;width:300px;height:350px\" srcset=\"https:\/\/www.marraquette.com\/wp-content\/uploads\/2024\/09\/voyage.jpg 650w, https:\/\/www.marraquette.com\/wp-content\/uploads\/2024\/09\/voyage-18x12.jpg 18w, https:\/\/www.marraquette.com\/wp-content\/uploads\/2024\/09\/voyage-120x83.jpg 120w, https:\/\/www.marraquette.com\/wp-content\/uploads\/2024\/09\/voyage-90x62.jpg 90w, https:\/\/www.marraquette.com\/wp-content\/uploads\/2024\/09\/voyage-320x222.jpg 320w, https:\/\/www.marraquette.com\/wp-content\/uploads\/2024\/09\/voyage-560x388.jpg 560w\" sizes=\"auto, (max-width: 650px) 100vw, 650px\" \/><\/figure>\n<\/div>\n\n\n<p class=\"has-text-align-center has-black-color has-text-color has-link-color wp-elements-6dd2dfb91588d2a1459b5d1f9f9e656c\">Comment venir en avion, en voiture, en bus...<\/p>\n<\/div>\n<\/div>\n\n\n\n<hr class=\"wp-block-separator has-alpha-channel-opacity\"\/>","protected":false},"excerpt":{"rendered":"<p>MATRIMONIO DE CLAUDIA &amp; HUGO \u00bfCu\u00e1ndo? 29 DE NOVIEMBRE 2025 \ud83d\udcc5 \u00bfD\u00f3nde? HUILO HUILO \ud83c\udde8\ud83c\uddf1 CHILE\ud83d\udccd \u00a1Nos vamos a casar! \ud83c\udf89Decidimos celebrar esta gran ocasi\u00f3n en la regi\u00f3n de Los&hellip;<\/p>","protected":false},"author":1,"featured_media":0,"parent":0,"menu_order":0,"comment_status":"closed","ping_status":"closed","template":"","meta":{"footnotes":""},"class_list":["post-8","page","type-page","status-publish"],"_links":{"self":[{"href":"https:\/\/www.marraquette.com\/fr\/wp-json\/wp\/v2\/pages\/8","targetHints":{"allow":["GET"]}}],"collection":[{"href":"https:\/\/www.marraquette.com\/fr\/wp-json\/wp\/v2\/pages"}],"about":[{"href":"https:\/\/www.marraquette.com\/fr\/wp-json\/wp\/v2\/types\/page"}],"author":[{"embeddable":true,"href":"https:\/\/www.marraquette.com\/fr\/wp-json\/wp\/v2\/users\/1"}],"replies":[{"embeddable":true,"href":"https:\/\/www.marraquette.com\/fr\/wp-json\/wp\/v2\/comments?post=8"}],"version-history":[{"count":58,"href":"https:\/\/www.marraquette.com\/fr\/wp-json\/wp\/v2\/pages\/8\/revisions"}],"predecessor-version":[{"id":513,"href":"https:\/\/www.marraquette.com\/fr\/wp-json\/wp\/v2\/pages\/8\/revisions\/513"}],"wp:attachment":[{"href":"https:\/\/www.marraquette.com\/fr\/wp-json\/wp\/v2\/media?parent=8"}],"curies":[{"name":"wp","href":"https:\/\/api.w.org\/{rel}","templated":true}]}}